{"id":97,"date":"2014-08-06T13:29:00","date_gmt":"2014-08-06T13:29:00","guid":{"rendered":"http:\/\/pontualbh.artefocus.com.br\/?page_id=97"},"modified":"2014-08-06T13:29:00","modified_gmt":"2014-08-06T13:29:00","slug":"quotas-de-salario-familia","status":"publish","type":"page","link":"https:\/\/www.pontualbh.com.br\/?page_id=97","title":{"rendered":"Quotas de Sal\u00e1rio Fam\u00edlia"},"content":{"rendered":"<table width=\"683\">\n<tbody>\n<tr>\n<td><strong> VIG\u00caNCIA<\/strong><\/td>\n<td><strong> REMUNERA\u00c7\u00c3O<\/strong><\/td>\n<td width=\"161\"><strong> SAL\u00c1RIO<\/strong><strong> FAM\u00cdLIA <\/strong><\/td>\n<\/tr>\n<tr>\n<td rowspan=\"2\"><strong>A Partir de 01\/01\/2014<\/strong><strong> (<a href=\"http:\/\/www.normaslegais.com.br\/legislacao\/portaria-inter-mf-mps-19-2014.htm\">Portaria Interministerial MPS\/MF 19\/2014<\/a>)<\/strong><\/td>\n<td><strong>R$ 682,50<\/strong><\/td>\n<td width=\"161\"><strong>R$ 35,00<\/strong><\/td>\n<\/tr>\n<tr>\n<td><strong>R$ 682,51 a R$ 1.025,81<\/strong><\/td>\n<td width=\"161\"><strong>R$ 24,66<\/strong><\/td>\n<\/tr>\n<tr>\n<td rowspan=\"2\"><em>A Partir de 01\/01\/2013<\/em><em> (<a href=\"http:\/\/www.normaslegais.com.br\/legislacao\/portaria-interministerial-15-2013.htm\">Portaria Interministerial MPS\/MF 15\/2013<\/a>)<\/em><\/td>\n<td><em> <strong>R$ 6<\/strong><strong>46,55<\/strong><\/em><\/td>\n<td width=\"161\"><em> <strong>R$ <\/strong><strong>33,16<\/strong><\/em><\/td>\n<\/tr>\n<tr>\n<td><em> <strong>R$ 646,56\u00a0 a R$ 971,<\/strong><strong>78<\/strong><\/em><\/td>\n<td width=\"161\"><em> <strong>R$ 23,36<\/strong><\/em><\/td>\n<\/tr>\n<tr>\n<td rowspan=\"2\"><strong><em>A Partir de 01\/01\/2012<\/em><\/strong><strong><em> (<a href=\"http:\/\/www.normaslegais.com.br\/legislacao\/portaria-interministerial-mps-mf-2-2012.htm\">Portaria Interministerial MPS\/MF 2\/2012<\/a>)<\/em><\/strong><\/td>\n<td><strong><em>R$ 608,80<\/em><\/strong><\/td>\n<td width=\"161\"><strong><em>R$ 31,22<\/em><\/strong><\/td>\n<\/tr>\n<tr>\n<td><em><strong>R$ 608,81\u00a0 a R$ 915,05<\/strong><\/em><\/td>\n<td width=\"161\"><strong><em>R$ 22,00<\/em><\/strong><\/td>\n<\/tr>\n<tr>\n<td rowspan=\"2\"><strong><em>A Partir de 01\/07\/2011<\/em><\/strong><strong><em> (<a href=\"http:\/\/www.normaslegais.com.br\/legislacao\/portariamfmps407_2011.htm\">Portaria Interministerial MF\/MPS 407\/2011<\/a>)<\/em><\/strong><\/td>\n<td><strong><em> At\u00e9 R$ 573,91<\/em><\/strong><\/td>\n<td width=\"161\"><strong><em> R$ 29,43<\/em><\/strong><\/td>\n<\/tr>\n<tr>\n<td><strong><em> De R$ 573,92 a R$ 862,60<\/em><\/strong><\/td>\n<td width=\"161\"><strong><em> R$ 20,74<\/em><\/strong><\/td>\n<\/tr>\n<tr>\n<td rowspan=\"2\"><strong><em>A Partir de 01\/01\/2011 a 30\/06\/2011<\/em><\/strong><strong><em>(<a href=\"http:\/\/www.normaslegais.com.br\/legislacao\/portariamps568_2010.htm\">Portaria Interministerial MF\/MPS 568\/2010<\/a>)<\/em><\/strong><\/td>\n<td><strong><em> At\u00e9 R$ 573,58<\/em><\/strong><\/td>\n<td width=\"161\"><strong><em> R$ 29,41<\/em><\/strong><\/td>\n<\/tr>\n<tr>\n<td><strong><em> De R$ 573,59 a R$ 862,11<\/em><\/strong><\/td>\n<td width=\"161\"><strong><em> R$ 20,73<\/em><\/strong><\/td>\n<\/tr>\n<tr>\n<td rowspan=\"2\"><strong><em>A Partir de 01\/01\/2010<\/em><\/strong><strong><em> <a href=\"http:\/\/www.normaslegais.com.br\/legislacao\/portariamps48_2009.htm\"> (<\/a><a href=\"http:\/\/www.normaslegais.com.br\/legislacao\/portariamps333_2010.htm\">Portaria Interministerial MPS\/MF 333\/2010<\/a><a href=\"http:\/\/www.normaslegais.com.br\/legislacao\/portariamps48_2009.htm\">)<\/a><\/em><\/strong><\/td>\n<td><strong><em> At\u00e9 R$ 539,03<\/em><\/strong><\/td>\n<td width=\"161\"><strong><em> R$ 27,64<\/em><\/strong><\/td>\n<\/tr>\n<tr>\n<td><strong><em> De R$ 539,04 a R$ 810,18<\/em><\/strong><\/td>\n<td width=\"161\"><strong><em> R$ 19,48<\/em><\/strong><\/td>\n<\/tr>\n<tr>\n<td rowspan=\"2\"><strong><em>de 01\/01\/2010 a 29.06.2010 <\/em><em> (<a href=\"http:\/\/www.guiatrabalhista.com.br\/guia\/salario_familia.htm#nota\">ver nota<\/a>)<\/em><\/strong><strong><em> <a href=\"http:\/\/www.normaslegais.com.br\/legislacao\/portariamps48_2009.htm\"> (<\/a><a href=\"http:\/\/www.normaslegais.com.br\/legislacao\/portariamps350_2009.htm\">Portaria Interministerial MPS\/MF 350\/2009<\/a><a href=\"http:\/\/www.normaslegais.com.br\/legislacao\/portariamps48_2009.htm\">)<\/a><\/em><\/strong><\/td>\n<td><strong><em> At\u00e9 R$ 531,12<\/em><\/strong><\/td>\n<td width=\"161\"><strong><em> R$ 27,24<\/em><\/strong><\/td>\n<\/tr>\n<tr>\n<td><strong><em> De R$ 531,13 a R$ 798,30<\/em><\/strong><\/td>\n<td width=\"161\"><strong><em> R$ 19,19<\/em><\/strong><\/td>\n<\/tr>\n<tr>\n<td rowspan=\"2\"><strong><em>de 01\/02\/2009 a 31.12.2009<\/em><\/strong><strong><em> <a href=\"http:\/\/www.normaslegais.com.br\/legislacao\/portariamps48_2009.htm\"> (<\/a><a href=\"http:\/\/www.normaslegais.com.br\/legislacao\/portariamps48_2009.htm\">Portaria Interministerial MPS\/MF 48\/2009<\/a><a href=\"http:\/\/www.normaslegais.com.br\/legislacao\/portariamps48_2009.htm\">)<\/a><\/em><\/strong><\/td>\n<td><strong><em> At\u00e9 R$ 500,40<\/em><\/strong><\/td>\n<td width=\"161\"><strong><em> R$ 25,66<\/em><\/strong><\/td>\n<\/tr>\n<tr>\n<td><strong><em> De R$ 500,41 a R$ 752,12<\/em><\/strong><\/td>\n<td width=\"161\"><strong><em> R$ 18,08<\/em><\/strong><\/td>\n<\/tr>\n<tr>\n<td rowspan=\"2\"><strong><em>de 01\/03\/2008 a 31\/01\/2009<\/em><\/strong><strong><em>(<a href=\"http:\/\/www.normaslegais.com.br\/legislacao\/portarial77_2008.htm\">Portaria Interministerial 77\/2008<\/a>)<\/em><\/strong><\/p>\n<p>&nbsp;<\/td>\n<td><strong><em>At\u00e9 R$ 472,43<\/em><\/strong><\/td>\n<td width=\"161\"><strong><em>R$ 24,23<\/em><\/strong><\/td>\n<\/tr>\n<tr>\n<td><strong><em>De R$ 472,44 a R$ 710,08 <\/em><\/strong><\/td>\n<td width=\"161\"><strong><em>R$ 17,07<\/em><\/strong><\/td>\n<\/tr>\n<tr>\n<td rowspan=\"2\"><strong><em>de 01\/04\/07 a 29\/02\/08 (<a href=\"http:\/\/www.normaslegais.com.br\/legislacao\/portariamps142_2007.htm\">Portaria MPS 142\/2007<\/a>)<\/em><\/strong>&nbsp;<\/td>\n<td><strong><em>At\u00e9 R$ 449,93<\/em><\/strong><\/td>\n<td width=\"161\"><strong><em>R$ 23,08<\/em><\/strong><\/td>\n<\/tr>\n<tr>\n<td><strong><em>De R$ 449,94 a R$ 676,27 <\/em><\/strong><\/td>\n<td width=\"161\"><strong><em>R$ 16,26<\/em><\/strong><\/td>\n<\/tr>\n<tr>\n<td rowspan=\"2\"><strong> <em>de 01\/08\/06 a 31\/03\/07 (<\/em><\/strong><strong><em><a href=\"http:\/\/www.normaslegais.com.br\/legislacao\/portariamps342.htm\">Portaria MPS 342\/2006<\/a><\/em>)<\/strong><\/td>\n<td><strong><em>At\u00e9 R$ 435,56<\/em><\/strong><\/td>\n<td width=\"161\"><strong><em>R$ 22,34<\/em><\/strong><\/td>\n<\/tr>\n<tr>\n<td><strong><em>De R$ 435,57 a R$ 654,67 <\/em><\/strong><\/td>\n<td width=\"161\"><strong><em>R$ 15,74<\/em><\/strong><\/td>\n<\/tr>\n<tr>\n<td rowspan=\"2\"><strong><em>de 01\/04\/06 a 31\/07\/06 (<a href=\"http:\/\/www.guiatrabalhista.com.br\/legislacao\/portariamps119_2006.htm\">Portaria MPS 119\/2006<\/a>)<\/em><\/strong>&nbsp;<\/td>\n<td><strong><em>At\u00e9 R$ 435,52<\/em><\/strong><\/td>\n<td width=\"161\"><strong><em>R$ 22,33<\/em><\/strong><\/td>\n<\/tr>\n<tr>\n<td><strong><em>De R$ 435,53 a R$ 654,61<\/em><\/strong><\/td>\n<td width=\"161\"><strong><em>R$ 15,74<\/em><\/strong><\/td>\n<\/tr>\n<tr>\n<td rowspan=\"2\"><strong><em>de 01\/05\/05 a 31\/03\/06 (<a href=\"http:\/\/www.guiatrabalhista.com.br\/legislacao\/portariamps822_2005.htm\">Portaria MPS 822\/2005<\/a>)<\/em><\/strong><\/td>\n<td><strong><em>at\u00e9 R$ 414,78 <\/em><\/strong><\/td>\n<td width=\"161\"><strong><em>R$ 21,27<\/em><\/strong><\/td>\n<\/tr>\n<tr>\n<td><strong><em>de R$ 414,79 a R$ 623,44 <\/em> <\/strong><\/td>\n<td width=\"161\"><strong><em>R$ 14,99<\/em><\/strong><\/td>\n<\/tr>\n<tr>\n<td rowspan=\"2\"><strong><em>de 01\/05\/04 a 30\/04\/05 (<a href=\"http:\/\/www.guiatrabalhista.com.br\/legislacao\/mp182.htm\">MP 182\/2004<\/a><\/em>)<\/strong><\/td>\n<td><strong><em>at\u00e9 R$ 390,00<\/em><\/strong><\/td>\n<td width=\"161\"><strong><em>R$ 20,00<\/em><\/strong><\/td>\n<\/tr>\n<tr>\n<td><strong><em>de R$ 390,01 a R$ 586,19 <\/em> <\/strong><\/td>\n<td width=\"161\"><strong><em>R$ 14,09<\/em><\/strong><\/td>\n<\/tr>\n<tr>\n<td><strong> de 01\/06\/03 a 30\/04\/04 <\/strong><\/td>\n<td><strong><em>at\u00e9 R$ 560,81 <\/em><\/strong><\/td>\n<td width=\"161\"><strong><em>R$ 13,48<\/em> <\/strong><\/td>\n<\/tr>\n<tr>\n<td><strong> de 01\/06\/02 a 31\/05\/03 <\/strong><\/td>\n<td><strong> at\u00e9 R$ 468,47 <\/strong><\/td>\n<td width=\"161\"><strong> R$ 11,26 <\/strong><\/td>\n<\/tr>\n<tr>\n<td><b> de 01\/06\/01 a 31\/05\/02 <\/b><\/td>\n<td><strong> at\u00e9 R$ 429,00<\/strong><\/td>\n<td width=\"161\"><strong> R$ 10,31<\/strong><\/td>\n<\/tr>\n<tr>\n<td><strong> de 01\/06\/00 a 31\/05\/01<\/strong><\/td>\n<td><b> at\u00e9 R$ 398,48 <\/b><\/td>\n<td width=\"161\"><b> R$ 9,58 <\/b><\/td>\n<\/tr>\n<tr>\n<td><strong> de 01\/06\/99 a 31\/05\/00<\/strong><\/td>\n<td><b> at\u00e9 R$ 376,60 <\/b><\/td>\n<td width=\"161\"><b> R$ 9,05 <\/b><\/td>\n<\/tr>\n<tr>\n<td><strong> de 01\/01\/99 a 31\/05\/99<\/strong><\/td>\n<td><strong> at\u00e9 R$ 360,00 <\/strong><\/td>\n<td width=\"161\"><b> R$ 8,65 <\/b><\/td>\n<\/tr>\n<tr>\n<td><strong> de 01\/12\/98<\/strong><strong> a 31\/12\/98<\/strong><\/td>\n<td><b> at\u00e9 R$ 324,45 <\/b> <strong> acima R$ 324,46 <\/strong><\/td>\n<td width=\"161\"><strong>R$ 8,65<\/strong> <b> R$ 1,07 <\/b><\/td>\n<\/tr>\n<tr>\n<td><strong> de 01\/06\/98 a 30\/11\/98<\/strong><\/td>\n<td><strong> at\u00e9 R$ 324,45<\/strong> <strong> acima de R$ 324,45<\/strong><\/td>\n<td width=\"161\"><strong>R$ 8,65 <\/strong> <strong> R$ 1,07 <\/strong><\/td>\n<\/tr>\n<tr>\n<td><b> de 01\/06\/97 a 31\/05\/98 <\/b><\/td>\n<td><strong> at\u00e9 R$ 309,56<\/strong> <strong> acima de R$ 309,56<\/strong><\/td>\n<td width=\"161\"><strong>R$ 8,25 <\/strong> <strong> R$ 1,02 <\/strong><\/td>\n<\/tr>\n<tr>\n<td><b> de 01\/01\/97 a 31\/05\/97 <\/b><\/td>\n<td><strong> at\u00e9 R$ 287,27<\/strong> <strong> acima de R$ 287,27<\/strong><\/td>\n<td width=\"161\"><strong>R$ 7,67<\/strong> <strong> R$ 0,95 <\/strong><\/td>\n<\/tr>\n<tr>\n<td><b> de 01\/05\/96 a 31\/12\/96 <\/b><\/td>\n<td><strong> at\u00e9 R$ 287,27 <\/strong> <strong> acima de R$ 287,27<\/strong><\/td>\n<td width=\"161\"><strong>R$ 7,66<\/strong> <b> R$ 0,95 <\/b><\/td>\n<\/tr>\n<tr>\n<td><b> de 01\/05\/95 a 30\/04\/96 <\/b><\/td>\n<td><strong> at\u00e9 R$ 249,80<\/strong> <strong> acima de R$ 249,80<\/strong><\/td>\n<td width=\"161\"><strong>R$ 6,66<\/strong> <strong> R$ 0,83<\/strong><\/td>\n<\/tr>\n<tr>\n<td><b> de 01\/07\/94 a 30\/04\/95 <\/b><\/td>\n<td><strong> at\u00e9 R$ 174,86<\/strong> <strong> acima de R$ 174,86<\/strong><\/td>\n<td width=\"161\"><strong>R$ 4,66<\/strong> <strong> R$ 0,58 <\/strong><\/td>\n<\/tr>\n<tr>\n<td><strong> de 01\/03\/94 a 30\/06\/94<\/strong><\/td>\n<td><strong> At\u00e9 URV 174,86<\/strong> <strong> acima de URV 174,86<\/strong><\/td>\n<td width=\"161\"><strong>URV 4,66<\/strong> <b> URV 0,58 <\/b><\/td>\n<\/tr>\n<tr>\n<td><strong> 01\/02\/94<\/strong><\/td>\n<td><strong> at\u00e9 Cr$ 115.582,02<\/strong> <strong> acima de Cr$ 115.582,02<\/strong><\/td>\n<td width=\"161\"><strong>Cr$ 3.082,15<\/strong> <b> Cr$ 385,19 <\/b><\/td>\n<\/tr>\n<tr>\n<td><strong> 01\/01\/94<\/strong><\/td>\n<td><strong> at\u00e9 Cr$ 88.738,58<\/strong> <strong> acima de Cr$ 88.738,58<\/strong><\/td>\n<td width=\"161\"><strong>Cr$ 366,33<\/strong> <strong> Cr$ 295,74<\/strong><\/td>\n<\/tr>\n<tr>\n<td><strong> 01\/12\/93<\/strong><\/td>\n<td><strong> at\u00e9 Cr$ 50.625,57<\/strong> <b> acima de Cr$ 50 .625,57 <\/b><\/td>\n<td width=\"161\"><strong>Cr$ 1.350,00<\/strong> <b> Cr$ 168,72 <\/b><\/td>\n<\/tr>\n<tr>\n<td><strong> 01\/11\/93<\/strong><\/td>\n<td><strong> at\u00e9 Cr$ 40.536,13<\/strong> <b> acima de Cr$ 40.536,13 <\/b><\/td>\n<td width=\"161\"><strong>Cr$ 1.080,95<\/strong> <strong> Cr$ 135,10<\/strong><\/td>\n<\/tr>\n<tr>\n<td><strong> 01\/10\/93<\/strong><\/td>\n<td><strong> at\u00e9 Cr$ 32.449,67<\/strong> <strong> acima de Cr$ 32.449,67<\/strong><\/td>\n<td width=\"161\"><strong>Cr$ 865,31<\/strong> <b> Cr$ 108,15 <\/b><\/td>\n<\/tr>\n<tr>\n<td><strong> 01\/09\/93<\/strong><\/td>\n<td><strong> At\u00e9 Cr$ 25.924,48<\/strong> <b> acima de Cr$ 25.924,48 <\/b><\/td>\n<td width=\"161\"><strong>Cr$ 691,31<\/strong> <b> Cr$ 86,40 <\/b><\/td>\n<\/tr>\n<tr>\n<td><strong> 01\/08\/93<\/strong><\/td>\n<td><strong> At\u00e9 Cr$ 15.183,93<\/strong> <strong> acima de Cr$ 15.183,93<\/strong><\/td>\n<td width=\"161\"><strong>Cr$ 404,90<\/strong> <b> Cr$ 50,60 <\/b><\/td>\n<\/tr>\n<tr>\n<td><strong> 01\/07\/93<\/strong><\/td>\n<td><strong> At\u00e9 Cr$ 12.731.793,25<\/strong> <strong> acima de Cr$12.731.793,25<\/strong><\/td>\n<td width=\"161\"><strong>Cr$ 339.514,87<\/strong> <b> Cr$ 42.439,28 <\/b><\/td>\n<\/tr>\n<tr>\n<td><strong>de 01\/<\/strong><strong>05\/93 a 30\/06\/93<\/strong><\/td>\n<td><strong> At\u00e9 Cr$ 9.064.419,69<\/strong> <strong> acima de Cr$ 9.064.419,69<\/strong><\/td>\n<td width=\"161\"><strong>Cr$ 241.718,13<\/strong> <strong>Cr$ 30.214,71 <\/strong><\/td>\n<\/tr>\n<tr>\n<td><strong>de <\/strong> <strong> 01\/03\/93 a 30\/04\/93<\/strong><\/td>\n<td><strong> At\u00e9 Cr$ 4.728.257,59<\/strong> <strong> acima de Cr$ 4.728.257,59<\/strong><\/td>\n<td width=\"161\"><strong>Cr$ 26.087,01<\/strong> <strong>Cr$ 15.760,85<\/strong><\/td>\n<\/tr>\n<tr>\n<td><strong>de 01\/<\/strong><strong>01\/93 a 28\/02\/93<\/strong><\/td>\n<td><strong> At\u00e9 Cr$ 3.459.616,29<\/strong> <strong> acima de Cr$ 3.459.616,29<\/strong><\/td>\n<td width=\"161\"><strong>Cr$ 92.256,54 <\/strong> <b> Cr$ 11.532,05 <\/b><\/td>\n<\/tr>\n<tr>\n<td><strong>de <\/strong> <strong> 01\/09\/92 a 31\/12\/92<\/strong><\/td>\n<td><strong> At\u00e9 Cr$ 1.434.259,00<\/strong> <strong> acima de Cr$ 1.434.259,00<\/strong><\/td>\n<td width=\"161\"><strong>Cr$ 38.246,95<\/strong> <b> Cr$ 4.780,86 <\/b><\/td>\n<\/tr>\n<tr>\n<td><strong>de <\/strong> <strong> 01\/05\/92 a 31\/08\/92<\/strong><\/td>\n<td><strong> At\u00e9 Cr$ 638,052,75<\/strong> <b> acima de Cr$ 638.052,75 <\/b><\/td>\n<td width=\"161\"><strong>Cr$ 17.014,76<\/strong> <strong> Cr$ 2.126,84<\/strong><\/td>\n<\/tr>\n<tr>\n<td><strong>de 01\/<\/strong><strong>01\/92 a 30\/04\/92<\/strong><\/td>\n<td><b> at\u00e9 Cr$ 276.978,83 <\/b> <b> acima de Cr$ 276.978,83 <\/b><\/td>\n<td width=\"161\"><b> Cr$ 7.386,11 <\/b> <strong>Cr$ 923,26<\/strong><\/td>\n<\/tr>\n<\/tbody>\n<\/table>\n","protected":false},"excerpt":{"rendered":"<p>VIG\u00caNCIA REMUNERA\u00c7\u00c3O SAL\u00c1RIO FAM\u00cdLIA A Partir de 01\/01\/2014 (Portaria Interministerial MPS\/MF 19\/2014) R$ 682,50 R$ 35,00 R$ 682,51 a R$ 1.025,81 R$ 24,66 A Partir de 01\/01\/2013 (Portaria Interministerial MPS\/MF 15\/2013) R$ 646,55 R$ 33,16 R$ 646,56\u00a0 a R$ 971,78 R$ 23,36 A Partir de 01\/01\/2012 (Portaria Interministerial MPS\/MF 2\/2012) R$ 608,80 R$ 31,22 R$<\/p>\n","protected":false},"author":1,"featured_media":0,"parent":0,"menu_order":0,"comment_status":"open","ping_status":"open","template":"","meta":[],"_links":{"self":[{"href":"https:\/\/www.pontualbh.com.br\/index.php?rest_route=\/wp\/v2\/pages\/97"}],"collection":[{"href":"https:\/\/www.pontualbh.com.br\/index.php?rest_route=\/wp\/v2\/pages"}],"about":[{"href":"https:\/\/www.pontualbh.com.br\/index.php?rest_route=\/wp\/v2\/types\/page"}],"author":[{"embeddable":true,"href":"https:\/\/www.pontualbh.com.br\/index.php?rest_route=\/wp\/v2\/users\/1"}],"replies":[{"embeddable":true,"href":"https:\/\/www.pontualbh.com.br\/index.php?rest_route=%2Fwp%2Fv2%2Fcomments&post=97"}],"version-history":[{"count":0,"href":"https:\/\/www.pontualbh.com.br\/index.php?rest_route=\/wp\/v2\/pages\/97\/revisions"}],"wp:attachment":[{"href":"https:\/\/www.pontualbh.com.br\/index.php?rest_route=%2Fwp%2Fv2%2Fmedia&parent=97"}],"curies":[{"name":"wp","href":"https:\/\/api.w.org\/{rel}","templated":true}]}}