{"id":686,"date":"2014-08-06T14:29:14","date_gmt":"2014-08-06T14:29:14","guid":{"rendered":"http:\/\/pontualbh.artefocus.com.br\/?page_id=149"},"modified":"2014-08-06T14:29:14","modified_gmt":"2014-08-06T14:29:14","slug":"escrituracao-do-registro-de-entradas","status":"publish","type":"page","link":"https:\/\/www.pontualbh.com.br\/?page_id=686","title":{"rendered":"Escritura\u00e7\u00e3o do registro de entradas"},"content":{"rendered":"<p><strong>ESCRITURA\u00c7\u00c3O DO LIVRO REGISTRO DE ENTRADAS<\/strong><\/p>\n<p>Destina-se \u00e0 escritura\u00e7\u00e3o de documentos fiscais relativos \u00e0 entrada de mercadorias no estabelecimento, sejam elas destinadas \u00e0 comercializa\u00e7\u00e3o, industrializa\u00e7\u00e3o, ativo fixo, consumo etc, inclusive \u00e0quelas mercadorias que n\u00e3o transitaram pelo estabelecimento adquirente; a qualquer t\u00edtulo, tais como compras, devolu\u00e7\u00f5es, transfer\u00eancias etc; e documentos fiscais relativos aos servi\u00e7os tomados pelo estabelecimento que estejam sujeitos ao ICMS.<\/p>\n<p>Dever\u00e3o utilizar o Livro Registro de Entradas, modelo 1, os estabelecimentos que realizem atividade comercial e industrial, contribuintes do ICMS e do IPI; e o modelo 1-A, os estabelecimentos que realizem somente a atividade comercial, contribuintes exclusivamente do ICMS. A diferen\u00e7a entre os dois Modelos 1 e 1-A, \u00e9 o campo de IPI, utilizado pela industria para registrar o cr\u00e9dito deste imposto.<\/p>\n<p>Os lan\u00e7amentos das opera\u00e7\u00f5es ou presta\u00e7\u00f5es ser\u00e3o escriturados individualmente, por ordem cronol\u00f3gica das entradas efetivas de mercadorias no estabelecimento ou pela ordem de data de aquisi\u00e7\u00e3o ou desembara\u00e7o aduaneiro, quando a mercadoria n\u00e3o transitar pelo estabelecimento adquirente ou importador, ou ainda, dos servi\u00e7os tomados. O prazo para escritura\u00e7\u00e3o do livro Registro de Entradas \u00e9 de 5 (cinco) dias contados da data do documento a ser escriturado.<\/p>\n<p>Os lan\u00e7amentos ser\u00e3o feitos por documento, desdobrados em tantas linhas quantas forem as al\u00edquotas do imposto e as naturezas das opera\u00e7\u00f5es ou presta\u00e7\u00f5es, segundo o <a href=\"http:\/\/www.acervoleis.com.br\/popuplei.asp?lei_id=34171\" target=\"_blank\">C\u00f3digo Fiscal de Opera\u00e7\u00f5es e Presta\u00e7\u00f5es (CFOP)<\/a>, nas colunas pr\u00f3prias; ou seja, se uma mesma nota fiscal contiver produtos para comercializa\u00e7\u00e3o ou produ\u00e7\u00e3o e produtos para o ativo fixo, dever\u00e1 ser separada por produto, em suas linhas e colunas respectivamente.<\/p>\n","protected":false},"excerpt":{"rendered":"<p>ESCRITURA\u00c7\u00c3O DO LIVRO REGISTRO DE ENTRADAS Destina-se \u00e0 escritura\u00e7\u00e3o de documentos fiscais relativos \u00e0 entrada de mercadorias no estabelecimento, sejam elas destinadas \u00e0 comercializa\u00e7\u00e3o, industrializa\u00e7\u00e3o, ativo fixo, consumo etc, inclusive \u00e0quelas mercadorias que n\u00e3o transitaram pelo estabelecimento adquirente; a qualquer t\u00edtulo, tais como compras, devolu\u00e7\u00f5es, transfer\u00eancias etc; e documentos fiscais relativos aos servi\u00e7os tomados pelo<\/p>\n","protected":false},"author":1,"featured_media":0,"parent":0,"menu_order":0,"comment_status":"open","ping_status":"open","template":"","meta":[],"_links":{"self":[{"href":"https:\/\/www.pontualbh.com.br\/index.php?rest_route=\/wp\/v2\/pages\/686"}],"collection":[{"href":"https:\/\/www.pontualbh.com.br\/index.php?rest_route=\/wp\/v2\/pages"}],"about":[{"href":"https:\/\/www.pontualbh.com.br\/index.php?rest_route=\/wp\/v2\/types\/page"}],"author":[{"embeddable":true,"href":"https:\/\/www.pontualbh.com.br\/index.php?rest_route=\/wp\/v2\/users\/1"}],"replies":[{"embeddable":true,"href":"https:\/\/www.pontualbh.com.br\/index.php?rest_route=%2Fwp%2Fv2%2Fcomments&post=686"}],"version-history":[{"count":0,"href":"https:\/\/www.pontualbh.com.br\/index.php?rest_route=\/wp\/v2\/pages\/686\/revisions"}],"wp:attachment":[{"href":"https:\/\/www.pontualbh.com.br\/index.php?rest_route=%2Fwp%2Fv2%2Fmedia&parent=686"}],"curies":[{"name":"wp","href":"https:\/\/api.w.org\/{rel}","templated":true}]}}