{"id":151,"date":"2014-08-06T14:29:48","date_gmt":"2014-08-06T14:29:48","guid":{"rendered":"http:\/\/pontualbh.artefocus.com.br\/?page_id=151"},"modified":"2014-08-06T14:29:48","modified_gmt":"2014-08-06T14:29:48","slug":"escrituracao-do-registro-de-apuracao-do-icms","status":"publish","type":"page","link":"https:\/\/www.pontualbh.com.br\/?page_id=151","title":{"rendered":"Escritura\u00e7\u00e3o do registro de apura\u00e7\u00e3o do ICMS"},"content":{"rendered":"<p><strong>ESCRITURA\u00c7\u00c3O DO REGISTRO DE APURA\u00c7\u00c3O DO ICMS<\/strong><\/p>\n<p>&nbsp;<\/p>\n<p>O livro Registro de Apura\u00e7\u00e3o do ICMS, modelo 9, destina-se a anotar os totais dos valores cont\u00e1beis e os dos valores fiscais, relativos ao imposto, das opera\u00e7\u00f5es de entrada e de sa\u00edda e das presta\u00e7\u00f5es recebidas e realizadas, extra\u00eddos dos livros pr\u00f3prios e agrupados segundo o C\u00f3digo Fiscal de Opera\u00e7\u00f5es e Presta\u00e7\u00f5es<\/p>\n<p>Neste livro ser\u00e3o registrados os d\u00e9bitos e os cr\u00e9ditos fiscais, a apura\u00e7\u00e3o dos saldos e os dados relativos \u00e0s guias de informa\u00e7\u00e3o e \u00e0s guias de recolhimento do imposto.<\/p>\n<p>A escritura\u00e7\u00e3o do livro ser\u00e1 feita no final do per\u00edodo de apura\u00e7\u00e3o do imposto.<\/p>\n","protected":false},"excerpt":{"rendered":"<p>ESCRITURA\u00c7\u00c3O DO REGISTRO DE APURA\u00c7\u00c3O DO ICMS &nbsp; O livro Registro de Apura\u00e7\u00e3o do ICMS, modelo 9, destina-se a anotar os totais dos valores cont\u00e1beis e os dos valores fiscais, relativos ao imposto, das opera\u00e7\u00f5es de entrada e de sa\u00edda e das presta\u00e7\u00f5es recebidas e realizadas, extra\u00eddos dos livros pr\u00f3prios e agrupados segundo o C\u00f3digo<\/p>\n","protected":false},"author":1,"featured_media":0,"parent":0,"menu_order":0,"comment_status":"open","ping_status":"open","template":"","meta":[],"_links":{"self":[{"href":"https:\/\/www.pontualbh.com.br\/index.php?rest_route=\/wp\/v2\/pages\/151"}],"collection":[{"href":"https:\/\/www.pontualbh.com.br\/index.php?rest_route=\/wp\/v2\/pages"}],"about":[{"href":"https:\/\/www.pontualbh.com.br\/index.php?rest_route=\/wp\/v2\/types\/page"}],"author":[{"embeddable":true,"href":"https:\/\/www.pontualbh.com.br\/index.php?rest_route=\/wp\/v2\/users\/1"}],"replies":[{"embeddable":true,"href":"https:\/\/www.pontualbh.com.br\/index.php?rest_route=%2Fwp%2Fv2%2Fcomments&post=151"}],"version-history":[{"count":0,"href":"https:\/\/www.pontualbh.com.br\/index.php?rest_route=\/wp\/v2\/pages\/151\/revisions"}],"wp:attachment":[{"href":"https:\/\/www.pontualbh.com.br\/index.php?rest_route=%2Fwp%2Fv2%2Fmedia&parent=151"}],"curies":[{"name":"wp","href":"https:\/\/api.w.org\/{rel}","templated":true}]}}