{"id":139,"date":"2014-08-06T14:22:17","date_gmt":"2014-08-06T14:22:17","guid":{"rendered":"http:\/\/pontualbh.artefocus.com.br\/?page_id=139"},"modified":"2014-08-06T14:22:17","modified_gmt":"2014-08-06T14:22:17","slug":"evite-surpresas-com-o-fisco","status":"publish","type":"page","link":"https:\/\/www.pontualbh.com.br\/?page_id=139","title":{"rendered":"EVITE SURPRESAS COM O FISCO"},"content":{"rendered":"<p align=\"justify\"><strong>A ajuda de seu contador \u00e9 imprescind\u00edvel<\/strong><\/p>\n<p align=\"justify\">\n<p align=\"justify\">N\u00e3o h\u00e1 empres\u00e1rio que n\u00e3o se queixe da alta carga tribut\u00e1ria e do grau de burocracia e exig\u00eancias de informa\u00e7\u00f5es solicitadas pelo Fisco. Afinal, para manter-se em dia, \u00e9 preciso paci\u00eancia, tempo, boa mem\u00f3ria e estar sempre em busca de novidades tribut\u00e1rias. Segundo o Instituto Brasileiro de Planejamento Tribut\u00e1rio (IBPT), cerca de trezentas novas normas s\u00e3o editadas ou reeditadas por ano.<\/p>\n<p align=\"justify\">Para n\u00e3o se perder na &#8216;montanha de pap\u00e9is&#8217;, prazos e valores, o empres\u00e1rio deve conversar com o seu contador, organizar-se a esse respeito, ter uma agenda de pagamentos e acompanh\u00e1-la freq\u00fcentemente.<\/p>\n<p align=\"justify\">Como agravante, a legisla\u00e7\u00e3o \u00e9 confusa. O contador torna-se o apoio seguro para que o empres\u00e1rio entenda como s\u00e3o os processos de tributa\u00e7\u00e3o e quais tributos ele deve, ou n\u00e3o, pagar. O contador pode orientar, de forma did\u00e1tica, sobre todos os impostos. O empres\u00e1rio pode, ainda, criar um cronograma de datas para facilitar a vida da empresa.<\/p>\n<p align=\"justify\">Toda empresa deve ter um bom arquivo de documentos (guias, declara\u00e7\u00f5es e livros) para evitar problemas futuros de fiscaliza\u00e7\u00e3o. Importante lembrar que esses documentos devem ser conservados por um certo tempo, dependendo de cada tributo. A organiza\u00e7\u00e3o desse arquivo \u00e9 fundamental para n\u00e3o causar situa\u00e7\u00f5es desagrad\u00e1veis com os fiscais e multas desnecess\u00e1rias.<\/p>\n<p align=\"justify\">Apesar da organiza\u00e7\u00e3o dos documentos ser de responsabilidade do empres\u00e1rio, o contador pode auxili\u00e1-lo nessa miss\u00e3o. Ele sabe os prazos de validade e a melhor forma de arquivamento: em papel ou em meio eletr\u00f4nico.<\/p>\n<p align=\"justify\"><strong>De olho no fisco<\/strong><\/p>\n<p align=\"justify\">\u2022 Marque reuni\u00f5es peri\u00f3dicas com seu contador para esclarecimentos e orienta\u00e7\u00f5es.<\/p>\n<p align=\"justify\">\u2022 Nessas reuni\u00f5es, analise as informa\u00e7\u00f5es da sua empresa e procure novas alternativas por meio de planejamento tribut\u00e1rio.<\/p>\n<p align=\"justify\">\u2022 Tenha a documenta\u00e7\u00e3o de sua empresa sempre \u00e0 m\u00e3o, de forma organizada e em dia.<\/p>\n<p align=\"justify\">\u2022 Fa\u00e7a um arquivo dos documentos, mas restrinja o n\u00famero de pessoas com acesso a ele.<\/p>\n<p align=\"justify\">\u2022 Organize datas e procedimentos para preenchimento, envio e pagamento de impostos.<\/p>\n<p align=\"justify\">\u2022 Crie o h\u00e1bito de registrar todas as atividades do neg\u00f3cio.<\/p>\n<p align=\"justify\">\u2022 Invista no treinamento dos funcion\u00e1rios que cuidam da parte legal e fiscal da sua empresa.<\/p>\n","protected":false},"excerpt":{"rendered":"<p>A ajuda de seu contador \u00e9 imprescind\u00edvel N\u00e3o h\u00e1 empres\u00e1rio que n\u00e3o se queixe da alta carga tribut\u00e1ria e do grau de burocracia e exig\u00eancias de informa\u00e7\u00f5es solicitadas pelo Fisco. Afinal, para manter-se em dia, \u00e9 preciso paci\u00eancia, tempo, boa mem\u00f3ria e estar sempre em busca de novidades tribut\u00e1rias. Segundo o Instituto Brasileiro de Planejamento<\/p>\n","protected":false},"author":1,"featured_media":0,"parent":0,"menu_order":0,"comment_status":"open","ping_status":"open","template":"","meta":[],"_links":{"self":[{"href":"https:\/\/www.pontualbh.com.br\/index.php?rest_route=\/wp\/v2\/pages\/139"}],"collection":[{"href":"https:\/\/www.pontualbh.com.br\/index.php?rest_route=\/wp\/v2\/pages"}],"about":[{"href":"https:\/\/www.pontualbh.com.br\/index.php?rest_route=\/wp\/v2\/types\/page"}],"author":[{"embeddable":true,"href":"https:\/\/www.pontualbh.com.br\/index.php?rest_route=\/wp\/v2\/users\/1"}],"replies":[{"embeddable":true,"href":"https:\/\/www.pontualbh.com.br\/index.php?rest_route=%2Fwp%2Fv2%2Fcomments&post=139"}],"version-history":[{"count":0,"href":"https:\/\/www.pontualbh.com.br\/index.php?rest_route=\/wp\/v2\/pages\/139\/revisions"}],"wp:attachment":[{"href":"https:\/\/www.pontualbh.com.br\/index.php?rest_route=%2Fwp%2Fv2%2Fmedia&parent=139"}],"curies":[{"name":"wp","href":"https:\/\/api.w.org\/{rel}","templated":true}]}}