{"id":137,"date":"2014-08-06T14:21:39","date_gmt":"2014-08-06T14:21:39","guid":{"rendered":"http:\/\/pontualbh.artefocus.com.br\/?page_id=137"},"modified":"2014-08-06T14:21:39","modified_gmt":"2014-08-06T14:21:39","slug":"inteligencia-fiscal-muito-prazer","status":"publish","type":"page","link":"https:\/\/www.pontualbh.com.br\/?page_id=137","title":{"rendered":"INTELIG\u00caNCIA FISCAL, MUITO PRAZER!"},"content":{"rendered":"<p>A busca por novas alternativas legais<\/p>\n<p>&nbsp;<\/p>\n<p>Estamos vivendo numa \u00e9poca onde novas tecnologias surgem a cada instante e transformam o dia-a-dia das pessoas e das empresas, a exemplo da Nota Fiscal Eletr\u00f4nica. Para ter competitividade no mercado, as empresas devem estar com a situa\u00e7\u00e3o fiscal organizada e regularizada.<\/p>\n<p>A intelig\u00eancia fiscal permite que o empres\u00e1rio tenha uma &#8216;fotografia real&#8217; das atividades tribut\u00e1rias e da situa\u00e7\u00e3o fiscal da empresa. Isso possibilita a busca de caminhos alternativos para reduzir o impacto fiscal sobre a estrutura financeira do neg\u00f3cio.<\/p>\n<p>Segundo F\u00e1bio Pereira Ribeiro, presidente da Docs Intelig\u00eancia Fiscal e autor do livro &#8216;Intelig\u00eancia Fiscal na Controladoria&#8217;, a\u00e7\u00f5es como verificar a regularidade dos documentos fiscais emitidos pelos fornecedores, acompanhar a emiss\u00e3o de certid\u00f5es, verificar a situa\u00e7\u00e3o cadastral e fiscal dos s\u00f3cios, evitar retifica\u00e7\u00f5es constantes nas declara\u00e7\u00f5es e acompanhar o entendimento da situa\u00e7\u00e3o fiscal da empresa do ponto de vista do Fisco impedem que a empresa caia em armadilhas fiscais.<\/p>\n<p>Com isso, a empresa s\u00f3 ganha, reduzindo os custos e criando condi\u00e7\u00f5es de monitorar o cotidiano com o Fisco, protegendo de fornecedores inaptos, identificando e eliminando fraudes fiscais.<\/p>\n<p>Assim, o planejamento e as a\u00e7\u00f5es preventivas tornam-se importantes ferramentas de gest\u00e3o, possibilitando ao empres\u00e1rio organizar seu neg\u00f3cio e reduzir seus gastos dentro do que a legisla\u00e7\u00e3o permite. O profissional cont\u00e1bil pode ser um grande aliado em todo esse processo, pois det\u00e9m conhecimentos para auxiliar na viabiliza\u00e7\u00e3o de todos esses procedimentos.<\/p>\n","protected":false},"excerpt":{"rendered":"<p>A busca por novas alternativas legais &nbsp; Estamos vivendo numa \u00e9poca onde novas tecnologias surgem a cada instante e transformam o dia-a-dia das pessoas e das empresas, a exemplo da Nota Fiscal Eletr\u00f4nica. Para ter competitividade no mercado, as empresas devem estar com a situa\u00e7\u00e3o fiscal organizada e regularizada. A intelig\u00eancia fiscal permite que o<\/p>\n","protected":false},"author":1,"featured_media":0,"parent":0,"menu_order":0,"comment_status":"open","ping_status":"open","template":"","meta":[],"_links":{"self":[{"href":"https:\/\/www.pontualbh.com.br\/index.php?rest_route=\/wp\/v2\/pages\/137"}],"collection":[{"href":"https:\/\/www.pontualbh.com.br\/index.php?rest_route=\/wp\/v2\/pages"}],"about":[{"href":"https:\/\/www.pontualbh.com.br\/index.php?rest_route=\/wp\/v2\/types\/page"}],"author":[{"embeddable":true,"href":"https:\/\/www.pontualbh.com.br\/index.php?rest_route=\/wp\/v2\/users\/1"}],"replies":[{"embeddable":true,"href":"https:\/\/www.pontualbh.com.br\/index.php?rest_route=%2Fwp%2Fv2%2Fcomments&post=137"}],"version-history":[{"count":0,"href":"https:\/\/www.pontualbh.com.br\/index.php?rest_route=\/wp\/v2\/pages\/137\/revisions"}],"wp:attachment":[{"href":"https:\/\/www.pontualbh.com.br\/index.php?rest_route=%2Fwp%2Fv2%2Fmedia&parent=137"}],"curies":[{"name":"wp","href":"https:\/\/api.w.org\/{rel}","templated":true}]}}