{"id":131,"date":"2014-08-06T14:16:19","date_gmt":"2014-08-06T14:16:19","guid":{"rendered":"http:\/\/pontualbh.artefocus.com.br\/?page_id=131"},"modified":"2014-08-06T14:16:19","modified_gmt":"2014-08-06T14:16:19","slug":"controle-e-escrituracao-de-estoques","status":"publish","type":"page","link":"https:\/\/www.pontualbh.com.br\/?page_id=131","title":{"rendered":"CONTROLE E ESCRITURA\u00c7\u00c3O DE ESTOQUES"},"content":{"rendered":"<p><strong>Mantenha um sistema \u00e1gil para atender as necessidades gerenciais e fiscais<\/strong><\/p>\n<p>&nbsp;<\/p>\n<p>Para a maioria das empresas comerciais e industriais, os estoques representam um dos ativos mais expressivos. Devem ser mantidos em bom estado, protegidos da a\u00e7\u00e3o do tempo, bem como de furtos ou inc\u00eandios.<\/p>\n<p>Devem ser conservados em boa ordem, para que sejam facilmente localizados e mobilizados no momento de sua venda ou utiliza\u00e7\u00e3o.<\/p>\n<p>A sua escritura\u00e7\u00e3o e controle deve atender as necessidades gerenciais, a legisla\u00e7\u00e3o fiscal do ICMS, do IPI e do Imposto de Renda.<\/p>\n<p><strong>Legisla\u00e7\u00e3o do ICMS e do IPI<\/strong><\/p>\n<p>A escritura\u00e7\u00e3o do estoque deve ser feita no livro Registro de Invent\u00e1rio &#8211; Modelo 7, destinado a arrolar mercadorias, mat\u00e9rias-primas, produtos intermedi\u00e1rios, materiais de embalagem, produtos manufaturados e produtos em fabrica\u00e7\u00e3o, existentes no estabelecimento na \u00e9poca do balan\u00e7o, inclusive em poder de terceiros e os pertencentes a terceiros em poder do estabelecimento.<\/p>\n<p>A sua escritura\u00e7\u00e3o dever\u00e1 ser efetivada dentro de 60 dias, contados da data do encerramento do balan\u00e7o; ou, no caso da empresa n\u00e3o manter escritura\u00e7\u00e3o cont\u00e1bil, do \u00faltimo dia do ano-calend\u00e1rio. Inexistindo estoque, este fato dever\u00e1 se mencionado.<\/p>\n<p><strong>Legisla\u00e7\u00e3o do Imposto de Renda<\/strong><\/p>\n<p>As empresas dever\u00e3o levantar e escriturar o registro de invent\u00e1rio com observ\u00e2ncia ao sistema de tributa\u00e7\u00e3o adotado:<\/p>\n<p>\u2022 Lucro real trimestral: em 31 de mar\u00e7o, 30 de junho, 30 de setembro e 31 de dezembro;<\/p>\n<p>\u2022 Lucro real anual, lucro presumido e SIMPLES: 31 de dezembro;<\/p>\n<p>\u2022 Incorpora\u00e7\u00e3o, fus\u00e3o, cis\u00e3o e encerramento de atividade: na data da ocorr\u00eancia do evento.<\/p>\n<p>A legisla\u00e7\u00e3o do Imposto de Renda n\u00e3o prescreve modelo para escritura\u00e7\u00e3o do invent\u00e1rio. Caso seja utilizado o livro Registro de Invent\u00e1rio, exigido pela legisla\u00e7\u00e3o do ICMS e IPI, \u00e9 indispens\u00e1vel que sejam feitas as adapta\u00e7\u00f5es necess\u00e1rias para atender requisitos de cada legisla\u00e7\u00e3o.<\/p>\n<p><strong>Prazo de conserva\u00e7\u00e3o<\/strong><\/p>\n<p>O registro de invent\u00e1rio dever\u00e1 ser conservado pelo prazo de cinco anos, no m\u00ednimo, contados de seu encerramento; ou pelo tempo de prescri\u00e7\u00e3o de eventuais a\u00e7\u00f5es que lhes sejam pertinentes.<\/p>\n","protected":false},"excerpt":{"rendered":"<p>Mantenha um sistema \u00e1gil para atender as necessidades gerenciais e fiscais &nbsp; Para a maioria das empresas comerciais e industriais, os estoques representam um dos ativos mais expressivos. Devem ser mantidos em bom estado, protegidos da a\u00e7\u00e3o do tempo, bem como de furtos ou inc\u00eandios. Devem ser conservados em boa ordem, para que sejam facilmente<\/p>\n","protected":false},"author":1,"featured_media":0,"parent":0,"menu_order":0,"comment_status":"open","ping_status":"open","template":"","meta":[],"_links":{"self":[{"href":"https:\/\/www.pontualbh.com.br\/index.php?rest_route=\/wp\/v2\/pages\/131"}],"collection":[{"href":"https:\/\/www.pontualbh.com.br\/index.php?rest_route=\/wp\/v2\/pages"}],"about":[{"href":"https:\/\/www.pontualbh.com.br\/index.php?rest_route=\/wp\/v2\/types\/page"}],"author":[{"embeddable":true,"href":"https:\/\/www.pontualbh.com.br\/index.php?rest_route=\/wp\/v2\/users\/1"}],"replies":[{"embeddable":true,"href":"https:\/\/www.pontualbh.com.br\/index.php?rest_route=%2Fwp%2Fv2%2Fcomments&post=131"}],"version-history":[{"count":0,"href":"https:\/\/www.pontualbh.com.br\/index.php?rest_route=\/wp\/v2\/pages\/131\/revisions"}],"wp:attachment":[{"href":"https:\/\/www.pontualbh.com.br\/index.php?rest_route=%2Fwp%2Fv2%2Fmedia&parent=131"}],"curies":[{"name":"wp","href":"https:\/\/api.w.org\/{rel}","templated":true}]}}