{"id":128,"date":"2014-08-06T14:15:26","date_gmt":"2014-08-06T14:15:26","guid":{"rendered":"http:\/\/pontualbh.artefocus.com.br\/?page_id=128"},"modified":"2014-08-06T14:15:26","modified_gmt":"2014-08-06T14:15:26","slug":"escrituracao-fiscal-digital","status":"publish","type":"page","link":"https:\/\/www.pontualbh.com.br\/?page_id=128","title":{"rendered":"Escritura\u00e7\u00e3o Fiscal Digital"},"content":{"rendered":"<table border=\"0\" width=\"95%\" cellspacing=\"0\" cellpadding=\"0\" align=\"center\">\n<tbody>\n<tr>\n<td><strong>Escritura\u00e7\u00e3o Fiscal Digital<\/strong>&nbsp;<\/p>\n<p>A Escritura\u00e7\u00e3o Fiscal Digital (EFD) \u00e9 um dos subprojetos do Sistema P\u00fablico de Escritura\u00e7\u00e3o Digital (SPED). Constitui-se em um arquivo digital, com um conjunto de informa\u00e7\u00f5es referentes \u00e0s opera\u00e7\u00f5es, presta\u00e7\u00f5es de servi\u00e7os e apura\u00e7\u00e3o de impostos do contribuinte. Em seu primeiro m\u00f3dulo substitui os seguintes Livros Fiscais:<\/p>\n<p>Registro de Entradas;<\/p>\n<p>Registro de Sa\u00eddas;<\/p>\n<p>Registro de Invent\u00e1rio;<\/p>\n<p>Registro de Apura\u00e7\u00e3o do IPI;<\/p>\n<p>Registro de Apura\u00e7\u00e3o do ICMS<\/p>\n<p>O contribuinte obrigado \u00e0 EFD, a crit\u00e9rio de cada Unidade Federada, poder\u00e1 ser dispensado da entrega dos arquivos do SINTEGRA (Conv\u00eanio ICMS 57\/95).<\/p>\n<p>&nbsp;<\/p>\n<p><strong>Modelo Operacional<\/strong><\/p>\n<p>O contribuinte gera um arquivo eletr\u00f4nico de acordo com o leiaute pr\u00e9-estabelecido.<\/p>\n<p>O arquivo deve ser validado, assinado digitalmente e transferido para o Serpro, via internet. O aplicativo para essas fun\u00e7\u00f5es \u00e9 disponibilizado pela RFB.<\/p>\n<p>Os arquivos transferidos ser\u00e3o disponibilizados para a RFB e para as Secretarias de Estados de Fazenda Estaduais.<\/td>\n<\/tr>\n<tr>\n<td>\n<div align=\"center\"><img decoding=\"async\" loading=\"lazy\" src=\"https:\/\/www.pontualbh.com.br\/3333.jpg\" alt=\"\" width=\"536\" height=\"268\" \/><\/div>\n<\/td>\n<\/tr>\n<tr>\n<td><strong>Obrigatoriedade e Dispensa<\/strong>Legisla\u00e7\u00e3o Nacional:<a href=\"http:\/\/www.acervoleis.com.br\/principal.asp?contexto=assinar&amp;raiz=1892&amp;pasta_id=1952&amp;pg=2&amp;lei_id=66428\" target=\"_blank\">Conv\u00eanio ICMS 143\/06, de 15\/12\/2006<\/a> \u2013 Institui a Escritura\u00e7\u00e3o Fiscal Digital.<\/p>\n<p>&nbsp;<\/p>\n<p><strong>Leiaute do arquivo<\/strong><\/p>\n<p><strong><span style=\"text-decoration: underline;\">Orienta\u00e7\u00f5es Nacionais:<\/span><\/strong><\/p>\n<p>\u2022 Acesse o portal nacional do <a href=\"http:\/\/www1.receita.fazenda.gov.br\/sped-fiscal\/o-que-e.htm\" target=\"_blank\">SPED Fiscal.<\/a><\/p>\n<p>&#8212;&#8212;&#8212;&#8212;&#8212;<\/p>\n<p><strong>&#8211; Informa\u00e7\u00e3o complementar:<\/strong><\/p>\n<p>O <a href=\"http:\/\/www.acervoleis.com.br\/popuplei.asp?lei_id=89678\" target=\"_blank\">Ato Cotepe\/Icms n\u00ba 018, de 16 de abril de 2009 &#8211; DOU 17\/4\/2009, <\/a>\u00a0atualiza a rela\u00e7\u00e3o de contribuintes dos Anexo II, Anexo IV, Anexo V, Anexo VI, Anexo VIII, Anexo X, Anexo XI, Anexo XV, Anexo XVII, Anexo XVIII e Anexo XXIV do Ato COTEPE\/ICMS n\u00ba 01 de 2009, que disp\u00f5e sobre a obrigatoriedade da Escritura\u00e7\u00e3o Fiscal Digital &#8211; EFD, nos termos das cl\u00e1usulas terceira e oitava-A do Conv\u00eanio ICMS 143\/06, que instituiu a Escritura\u00e7\u00e3o Fiscal Digital &#8211; EFD.<\/p>\n<p>A<a href=\"http:\/\/www.acervoleis.com.br\/popuplei.asp?lei_id=89579\" target=\"_blank\">In Rfb n\u00ba 932, de 14 de abril de 2009 &#8211; DOU 15\/4\/2009 <\/a>, adota tabelas de c\u00f3digos a serem utilizadas na formaliza\u00e7\u00e3o da Escritura\u00e7\u00e3o Fiscal Digital (EFD) e nas emiss\u00f5es da Nota Fiscal Eletr\u00f4nica (NF-e), nas situa\u00e7\u00f5es que especifica.<\/p>\n<p>O<a href=\"http:\/\/www.acervoleis.com.br\/popuplei.asp?lei_id=89397\" target=\"_blank\">Ato Cotepe\/ICMS n\u00ba 015, de 08\/04\/2009<\/a>\u00a0, prorrogou para o dia 30\/09\/2009 a entrega dos arquivos da EFD, referentes aos meses de janeiro a agosto de 2009.<\/p>\n<p align=\"right\">O <a href=\"http:\/\/www.acervoleis.com.br\/popuplei.asp?lei_id=86736\" target=\"_blank\">Ato Cotepe\/ICMS n\u00ba 001 de 07 de janeiro de 2009<\/a>, publicado no DOU de 08\/01\/2009, atualiza os contribuintes obrigados \u00e0 EFD a partir de janeiro de 2009. Consulte rela\u00e7\u00e3o anexa.<\/p>\n<\/td>\n<\/tr>\n<\/tbody>\n<\/table>\n","protected":false},"excerpt":{"rendered":"<p>Escritura\u00e7\u00e3o Fiscal Digital&nbsp; A Escritura\u00e7\u00e3o Fiscal Digital (EFD) \u00e9 um dos subprojetos do Sistema P\u00fablico de Escritura\u00e7\u00e3o Digital (SPED). Constitui-se em um arquivo digital, com um conjunto de informa\u00e7\u00f5es referentes \u00e0s opera\u00e7\u00f5es, presta\u00e7\u00f5es de servi\u00e7os e apura\u00e7\u00e3o de impostos do contribuinte. Em seu primeiro m\u00f3dulo substitui os seguintes Livros Fiscais: Registro de Entradas; Registro de<\/p>\n","protected":false},"author":1,"featured_media":0,"parent":0,"menu_order":0,"comment_status":"open","ping_status":"open","template":"","meta":[],"_links":{"self":[{"href":"https:\/\/www.pontualbh.com.br\/index.php?rest_route=\/wp\/v2\/pages\/128"}],"collection":[{"href":"https:\/\/www.pontualbh.com.br\/index.php?rest_route=\/wp\/v2\/pages"}],"about":[{"href":"https:\/\/www.pontualbh.com.br\/index.php?rest_route=\/wp\/v2\/types\/page"}],"author":[{"embeddable":true,"href":"https:\/\/www.pontualbh.com.br\/index.php?rest_route=\/wp\/v2\/users\/1"}],"replies":[{"embeddable":true,"href":"https:\/\/www.pontualbh.com.br\/index.php?rest_route=%2Fwp%2Fv2%2Fcomments&post=128"}],"version-history":[{"count":0,"href":"https:\/\/www.pontualbh.com.br\/index.php?rest_route=\/wp\/v2\/pages\/128\/revisions"}],"wp:attachment":[{"href":"https:\/\/www.pontualbh.com.br\/index.php?rest_route=%2Fwp%2Fv2%2Fmedia&parent=128"}],"curies":[{"name":"wp","href":"https:\/\/api.w.org\/{rel}","templated":true}]}}