{"id":107,"date":"2014-08-06T13:33:26","date_gmt":"2014-08-06T13:33:26","guid":{"rendered":"http:\/\/pontualbh.artefocus.com.br\/?page_id=107"},"modified":"2014-08-06T13:33:26","modified_gmt":"2014-08-06T13:33:26","slug":"documentos-de-competencia-tributaria-federal","status":"publish","type":"page","link":"https:\/\/www.pontualbh.com.br\/?page_id=107","title":{"rendered":"Documentos de Compet\u00eancia Tribut\u00e1ria Federal"},"content":{"rendered":"<div class=\"style13\" align=\"center\">\n<h2 class=\"style12\">Prazo de Guarda de Documentos<\/h2>\n<h2 class=\"style12\"><strong>Tabela de Prazos para Guarda de Documentos\u00a0<\/strong><\/h2>\n<h2 class=\"style12\"><strong>Documentos de compet\u00eancia tribut\u00e1ria federal<\/strong><\/h2>\n<\/div>\n<table border=\"2\" width=\"95%\" cellspacing=\"2\" cellpadding=\"0\" align=\"center\">\n<tbody>\n<tr>\n<td bgcolor=\"#FFFF99\" width=\"75%\" height=\"16\">\n<div align=\"center\">\n<div align=\"center\">\n<div align=\"center\">\n<table border=\"0\" cellspacing=\"0\" cellpadding=\"0\">\n<tbody>\n<tr>\n<td valign=\"top\" width=\"664\">\n<p align=\"center\"><strong>Documento<\/strong><\/p>\n<\/td>\n<\/tr>\n<\/tbody>\n<\/table>\n<\/div>\n<\/div>\n<\/div>\n<\/td>\n<td bgcolor=\"#FFFFCC\" width=\"25%\">\n<div align=\"center\">\n<p align=\"center\"><strong>Tempo de Guarda<\/strong><\/p>\n<\/div>\n<\/td>\n<\/tr>\n<tr>\n<td>Arquivo em meio magn\u00e9tico (sistema de processamento de dados)<\/td>\n<td>\n<div align=\"center\">\n<p align=\"center\">5 anos<\/p>\n<\/div>\n<\/td>\n<\/tr>\n<tr>\n<td>Comprovante de Rendimentos Pagos e de Reten\u00e7\u00e3o na Fonte<\/td>\n<td>\n<div align=\"center\">\n<p align=\"center\">5 anos<\/p>\n<\/div>\n<\/td>\n<\/tr>\n<tr>\n<td>Comprovantes da Escritura\u00e7\u00e3o (Notas fiscais e recibos)<\/td>\n<td>\n<div align=\"center\">\n<p align=\"center\">5 anos<\/p>\n<\/div>\n<\/td>\n<\/tr>\n<tr>\n<td>Contratos de seguros de bens \u2013 documentos originais<\/td>\n<td>\n<div align=\"center\">5 anos<\/div>\n<\/td>\n<\/tr>\n<tr>\n<td>Contratos de seguro de pessoas \u2013 documentos originais<\/td>\n<td>\n<div align=\"center\">\n<p align=\"center\">20 anos<\/p>\n<\/div>\n<\/td>\n<\/tr>\n<tr>\n<td>Contratos Previdenci\u00e1rios Privados<\/td>\n<td>\n<div align=\"center\">20 anos<\/div>\n<\/td>\n<\/tr>\n<tr>\n<td>Contribui\u00e7\u00e3o de interven\u00e7\u00e3o no Dom\u00ednio Econ\u00f4mico &#8211; CIDE<\/td>\n<td>\n<div align=\"center\">5 anos<\/div>\n<\/td>\n<\/tr>\n<tr>\n<td>Declara\u00e7\u00e3o de Ajuste Anual \u2013 IR Pessoa F\u00edsica e comprovantes de dedu\u00e7\u00f5es e outros valores<\/td>\n<td>\n<div align=\"center\">5 anos<\/div>\n<\/td>\n<\/tr>\n<tr>\n<td>Declara\u00e7\u00e3o de Compensa\u00e7\u00e3o de Tributos (PER\/DCOMP)<\/td>\n<td>\n<div align=\"center\">5 anos<\/div>\n<\/td>\n<\/tr>\n<tr>\n<td>Declara\u00e7\u00e3o de D\u00e9bitos e Cr\u00e9ditos Tribut\u00e1rios Federais &#8211; DCTF<\/td>\n<td>\n<div align=\"center\">5 anos<\/div>\n<\/td>\n<\/tr>\n<tr>\n<td>Declara\u00e7\u00e3o de Imposto de Renda Retido na Fonte &#8211; DIRF<\/td>\n<td>\n<div align=\"center\">5 anos<\/div>\n<\/td>\n<\/tr>\n<tr>\n<td>Declara\u00e7\u00e3o de Informa\u00e7\u00f5es das Ind\u00fastrias de Cosm\u00e9ticos, Perfumaria e Higiene Pessoal \u2013 DIPI-TIPI 33<\/td>\n<td>\n<div align=\"center\">5 anos<\/div>\n<\/td>\n<\/tr>\n<tr>\n<td>Declara\u00e7\u00e3o de Informa\u00e7\u00f5es sobre Atividades Imobili\u00e1rias &#8211; DIMOB<\/td>\n<td>\n<div align=\"center\">5 anos<\/div>\n<\/td>\n<\/tr>\n<tr>\n<td>Declara\u00e7\u00e3o do Imposto sobre a Propriedade Territorial Rural &#8211; ITR<\/td>\n<td>\n<div align=\"center\">5 anos<\/div>\n<\/td>\n<\/tr>\n<tr>\n<td>Declara\u00e7\u00e3o Especial de Informa\u00e7\u00f5es \u2013 DIF<\/p>\n<p>&#8211;\u00a0\u00a0\u00a0\u00a0\u00a0\u00a0\u00a0\u00a0\u00a0 DIF Bebidas<\/p>\n<p>&#8211;\u00a0\u00a0\u00a0\u00a0\u00a0\u00a0\u00a0\u00a0\u00a0 DIF Cigarros<\/p>\n<p>&#8211;\u00a0\u00a0\u00a0\u00a0\u00a0\u00a0\u00a0\u00a0\u00a0 DIF Papel Imune<\/td>\n<td>\n<div align=\"center\">5 anos<\/div>\n<\/td>\n<\/tr>\n<tr>\n<td>Declara\u00e7\u00e3o Integrada de Informa\u00e7\u00f5es Econ\u00f4mico-Fiscais da Pessoa Jur\u00eddica &#8211; DIPJ<\/td>\n<td>\n<div align=\"center\">5 anos<\/div>\n<\/td>\n<\/tr>\n<tr>\n<td>Declara\u00e7\u00e3o Simplificada das Pessoas Jur\u00eddicas das Empresas optantes pelo Simples e Inativas<\/td>\n<td>\n<div align=\"center\">5 anos<\/div>\n<\/td>\n<\/tr>\n<tr>\n<td>Demonstrativo de Apura\u00e7\u00e3o de Contribui\u00e7\u00f5es Sociais &#8211; DACON<\/td>\n<td>\n<div align=\"center\">5 anos<\/div>\n<\/td>\n<\/tr>\n<tr>\n<td>Demonstrativo de Notas Fiscais &#8211; DNF<\/td>\n<td>\n<div align=\"center\">5 anos<\/div>\n<\/td>\n<\/tr>\n<tr>\n<td>Demonstrativo de Cr\u00e9dito Presumido &#8211; DCP<\/td>\n<td>\n<div align=\"center\">5 anos<\/div>\n<\/td>\n<\/tr>\n<tr>\n<td>Extin\u00e7\u00e3o das deb\u00eantures &#8211; livros<\/td>\n<td>\n<div align=\"center\">5 anos<\/div>\n<\/td>\n<\/tr>\n<tr>\n<td>Imposto de Renda \u2013 Pessoa Jur\u00eddica \u2013 livros e documentos em geral<\/p>\n<p>&#8211;\u00a0\u00a0\u00a0\u00a0\u00a0\u00a0\u00a0\u00a0\u00a0 Pessoa f\u00edsica considerada empres\u00e1ria<\/p>\n<p>&#8211;\u00a0\u00a0\u00a0\u00a0\u00a0\u00a0\u00a0\u00a0\u00a0 Pessoa jur\u00eddica \u2013 lucro presumido<\/p>\n<p>&#8211;\u00a0\u00a0\u00a0\u00a0\u00a0\u00a0\u00a0\u00a0\u00a0 Pessoa jur\u00eddica \u2013 lucro real<\/p>\n<p>&#8211;\u00a0\u00a0\u00a0\u00a0\u00a0\u00a0\u00a0\u00a0\u00a0 Pessoa jur\u00eddica \u2013 lucro arbitrado<\/p>\n<p>&#8211;\u00a0\u00a0\u00a0\u00a0\u00a0\u00a0\u00a0\u00a0\u00a0 Impostos de Renda na Fonte (pessoa jur\u00eddica e f\u00edsica)<\/p>\n<p>&#8211;\u00a0\u00a0\u00a0\u00a0\u00a0\u00a0\u00a0\u00a0\u00a0 Imunes e Isentas<\/p>\n<p>&#8211;\u00a0\u00a0\u00a0\u00a0\u00a0\u00a0\u00a0\u00a0\u00a0 Microempresas e Empresas de Pequeno Porte<\/p>\n<p>&#8211;\u00a0\u00a0\u00a0\u00a0\u00a0\u00a0\u00a0\u00a0\u00a0 Dedu\u00e7\u00f5es do Imposto de Renda<\/td>\n<td>\n<div align=\"center\">5 anos<\/div>\n<\/td>\n<\/tr>\n<tr>\n<td>Imposto sobre Exporta\u00e7\u00e3o, para o Exterior, de Produtos Nacionais ou Nacionalizados \u2013 IE &#8211; comprovantes<\/td>\n<td>\n<div align=\"center\">5 anos<\/div>\n<\/td>\n<\/tr>\n<tr>\n<td>Imposto sobre Importa\u00e7\u00e3o de Produtos Estrangeiros \u2013 II &#8211; Comprovantes<\/td>\n<td>\n<div align=\"center\">\n<div align=\"center\">5 anos<\/div>\n<\/div>\n<\/td>\n<\/tr>\n<tr>\n<td>Imposto sobre Opera\u00e7\u00f5es de Cr\u00e9dito, C\u00e2mbio e Seguro ou sobre opera\u00e7\u00f5es relativas a T\u00edtulos ou Valores Mobili\u00e1rios \u2013 IOF \u2013 comprovantes e informa\u00e7\u00f5es<\/td>\n<td>\n<div align=\"center\">\n<div align=\"center\">5 anos<\/div>\n<\/div>\n<\/td>\n<\/tr>\n<tr>\n<td>Imposto sobre Produtos Industrializados \u2013 IPI \u2013 comprovantes de escritura\u00e7\u00e3o fiscal e cont\u00e1bil<\/td>\n<td>\n<div align=\"center\">\n<div align=\"center\">5 anos<\/div>\n<\/div>\n<\/td>\n<\/tr>\n<tr>\n<td>Livros obrigat\u00f3rios de escritura\u00e7\u00e3o fiscal e comercial<\/p>\n<p>&#8211;\u00a0\u00a0\u00a0\u00a0\u00a0\u00a0\u00a0\u00a0\u00a0 Livro Di\u00e1rio<\/p>\n<p>&#8211;\u00a0\u00a0\u00a0\u00a0\u00a0\u00a0\u00a0\u00a0\u00a0 Livro Raz\u00e3o<\/td>\n<td>\n<div align=\"center\">\n<p align=\"center\">5 anos<\/p>\n<p align=\"center\">permanente<\/p>\n<p align=\"center\">10 anos<\/p>\n<\/div>\n<\/td>\n<\/tr>\n<tr>\n<td>Livros e Documentos pertinentes a a\u00e7\u00f5es judiciais ou administrativas<\/td>\n<td>\n<div align=\"center\">\n<p align=\"center\">Indeterminado<\/p>\n<\/div>\n<\/td>\n<\/tr>\n<tr>\n<td>Sociedades An\u00f4nimas S\/A \u2013 T\u00edtulos ou contratos de investimento coletivo<\/td>\n<td>\n<div align=\"center\">\n<p align=\"center\">8 anos<\/p>\n<\/div>\n<\/td>\n<\/tr>\n<tr>\n<td>T\u00edtulos de Capitaliza\u00e7\u00e3o \u2013 documentos originais<\/td>\n<td>\n<div align=\"center\">\n<p align=\"center\">20 anos<\/p>\n<\/div>\n<\/td>\n<\/tr>\n<\/tbody>\n<\/table>\n","protected":false},"excerpt":{"rendered":"<p>Prazo de Guarda de Documentos Tabela de Prazos para Guarda de Documentos\u00a0 Documentos de compet\u00eancia tribut\u00e1ria federal Documento Tempo de Guarda Arquivo em meio magn\u00e9tico (sistema de processamento de dados) 5 anos Comprovante de Rendimentos Pagos e de Reten\u00e7\u00e3o na Fonte 5 anos Comprovantes da Escritura\u00e7\u00e3o (Notas fiscais e recibos) 5 anos Contratos de seguros<\/p>\n","protected":false},"author":1,"featured_media":0,"parent":0,"menu_order":0,"comment_status":"open","ping_status":"open","template":"","meta":[],"_links":{"self":[{"href":"https:\/\/www.pontualbh.com.br\/index.php?rest_route=\/wp\/v2\/pages\/107"}],"collection":[{"href":"https:\/\/www.pontualbh.com.br\/index.php?rest_route=\/wp\/v2\/pages"}],"about":[{"href":"https:\/\/www.pontualbh.com.br\/index.php?rest_route=\/wp\/v2\/types\/page"}],"author":[{"embeddable":true,"href":"https:\/\/www.pontualbh.com.br\/index.php?rest_route=\/wp\/v2\/users\/1"}],"replies":[{"embeddable":true,"href":"https:\/\/www.pontualbh.com.br\/index.php?rest_route=%2Fwp%2Fv2%2Fcomments&post=107"}],"version-history":[{"count":0,"href":"https:\/\/www.pontualbh.com.br\/index.php?rest_route=\/wp\/v2\/pages\/107\/revisions"}],"wp:attachment":[{"href":"https:\/\/www.pontualbh.com.br\/index.php?rest_route=%2Fwp%2Fv2%2Fmedia&parent=107"}],"curies":[{"name":"wp","href":"https:\/\/api.w.org\/{rel}","templated":true}]}}